{"id":1016,"date":"2011-12-19T11:46:22","date_gmt":"2011-12-19T09:46:22","guid":{"rendered":"http:\/\/www.ciedacote.com\/web\/?page_id=1016"},"modified":"2026-01-15T12:49:27","modified_gmt":"2026-01-15T10:49:27","slug":"les-histoires-de-la-fee-poussiere","status":"publish","type":"page","link":"https:\/\/www.ciedacote.com\/web\/les-histoires-de-la-fee-poussiere\/","title":{"rendered":"Les Histoires de la F\u00e9e Poussi\u00e8re"},"content":{"rendered":"<div class=\"fcbkbttn_buttons_block\" id=\"fcbkbttn_left\"><div class=\"fb-share-button  \" data-href=\"https:\/\/www.ciedacote.com\/web\/les-histoires-de-la-fee-poussiere\/\" data-type=\"button_count\" data-size=\"small\"><\/div><\/div><p>&nbsp;<\/p>\n<p>&nbsp;<\/p>\n<p>&nbsp;<\/p>\n<p><a href=\"https:\/\/www.ciedacote.com\/web\/cie-d-a-cote-selection-2025-1-2\/\"><img fetchpriority=\"high\" decoding=\"async\" class=\"size-medium wp-image-5616 alignleft\" src=\"https:\/\/www.ciedacote.com\/web\/wp-content\/uploads\/2026\/01\/cie-d-a-cote-selection-2025-1-1-300x225.jpg\" alt=\"\" width=\"300\" height=\"225\" srcset=\"https:\/\/www.ciedacote.com\/web\/wp-content\/uploads\/2026\/01\/cie-d-a-cote-selection-2025-1-1-300x225.jpg 300w, https:\/\/www.ciedacote.com\/web\/wp-content\/uploads\/2026\/01\/cie-d-a-cote-selection-2025-1-1-1024x768.jpg 1024w, https:\/\/www.ciedacote.com\/web\/wp-content\/uploads\/2026\/01\/cie-d-a-cote-selection-2025-1-1-768x576.jpg 768w, https:\/\/www.ciedacote.com\/web\/wp-content\/uploads\/2026\/01\/cie-d-a-cote-selection-2025-1-1-600x450.jpg 600w, https:\/\/www.ciedacote.com\/web\/wp-content\/uploads\/2026\/01\/cie-d-a-cote-selection-2025-1-1-1536x1152.jpg 1536w, https:\/\/www.ciedacote.com\/web\/wp-content\/uploads\/2026\/01\/cie-d-a-cote-selection-2025-1-1-2048x1536.jpg 2048w\" sizes=\"(max-width: 300px) 100vw, 300px\" \/><\/a><\/p>\n<p>&nbsp;<\/p>\n<p style=\"text-align: center;\"><span style=\"font-family: georgia, palatino, serif;\"><strong><span style=\"font-size: 18pt;\">Des contes d&#8217;hiver, de neige, de No\u00ebl et de froid, \u00e0 d\u00e9guster bien au chaud, accompagn\u00e9s de notes de guitare et de piano.<\/span><\/strong><\/span><\/p>\n<p style=\"text-align: center;\">&nbsp;<\/p>\n<p>&nbsp;<\/p>\n<p><a href=\"https:\/\/www.ciedacote.com\/web\/les-spectacles\/les-histoires-de-la-fee-poussiere\/spectacle-decembre-2025\/\" rel=\"attachment wp-att-5838\"><img decoding=\"async\" class=\"size-medium wp-image-5838 alignright\" src=\"https:\/\/www.ciedacote.com\/web\/wp-content\/uploads\/2026\/01\/cie-d-a-cote-selection-2025-4-300x200.jpg\" alt=\"\" width=\"300\" height=\"200\" srcset=\"https:\/\/www.ciedacote.com\/web\/wp-content\/uploads\/2026\/01\/cie-d-a-cote-selection-2025-4-300x200.jpg 300w, https:\/\/www.ciedacote.com\/web\/wp-content\/uploads\/2026\/01\/cie-d-a-cote-selection-2025-4-1024x683.jpg 1024w, https:\/\/www.ciedacote.com\/web\/wp-content\/uploads\/2026\/01\/cie-d-a-cote-selection-2025-4-768x512.jpg 768w, https:\/\/www.ciedacote.com\/web\/wp-content\/uploads\/2026\/01\/cie-d-a-cote-selection-2025-4-600x400.jpg 600w, https:\/\/www.ciedacote.com\/web\/wp-content\/uploads\/2026\/01\/cie-d-a-cote-selection-2025-4-1536x1024.jpg 1536w, https:\/\/www.ciedacote.com\/web\/wp-content\/uploads\/2026\/01\/cie-d-a-cote-selection-2025-4-2048x1365.jpg 2048w\" sizes=\"(max-width: 300px) 100vw, 300px\" \/><\/a><\/p>\n<p>&nbsp;<\/p>\n<p style=\"text-align: center;\"><span style=\"font-size: 14pt;\">Ce spectacle intimiste est une invitation \u00e0 se plonger dans l&#8217;hiver, ses paysages et ses ambiances myst\u00e9rieuses.<\/span><\/p>\n<p style=\"text-align: center;\"><span style=\"font-size: 14pt;\">Un moment hors du temps qui plonge petits et grands dans la magie de l&#8217;enfance.&nbsp;<\/span><\/p>\n","protected":false},"excerpt":{"rendered":"<p>&nbsp; &nbsp; &nbsp; &nbsp; Des contes d&#8217;hiver, de neige, de No\u00ebl et de froid, \u00e0 d\u00e9guster bien au chaud, accompagn\u00e9s de notes de guitare et de piano. &nbsp; &nbsp; &nbsp; Ce spectacle intimiste est une invitation \u00e0 se plonger dans l&#8217;hiver, ses paysages et ses ambiances myst\u00e9rieuses. Un moment hors du temps qui plonge petits [&hellip;]<\/p>\n","protected":false},"author":2,"featured_media":0,"parent":0,"menu_order":0,"comment_status":"closed","ping_status":"closed","template":"","meta":{"ngg_post_thumbnail":0,"footnotes":""},"class_list":["post-1016","page","type-page","status-publish","hentry"],"aioseo_notices":[],"_links":{"self":[{"href":"https:\/\/www.ciedacote.com\/web\/wp-json\/wp\/v2\/pages\/1016","targetHints":{"allow":["GET"]}}],"collection":[{"href":"https:\/\/www.ciedacote.com\/web\/wp-json\/wp\/v2\/pages"}],"about":[{"href":"https:\/\/www.ciedacote.com\/web\/wp-json\/wp\/v2\/types\/page"}],"author":[{"embeddable":true,"href":"https:\/\/www.ciedacote.com\/web\/wp-json\/wp\/v2\/users\/2"}],"replies":[{"embeddable":true,"href":"https:\/\/www.ciedacote.com\/web\/wp-json\/wp\/v2\/comments?post=1016"}],"version-history":[{"count":30,"href":"https:\/\/www.ciedacote.com\/web\/wp-json\/wp\/v2\/pages\/1016\/revisions"}],"predecessor-version":[{"id":5839,"href":"https:\/\/www.ciedacote.com\/web\/wp-json\/wp\/v2\/pages\/1016\/revisions\/5839"}],"wp:attachment":[{"href":"https:\/\/www.ciedacote.com\/web\/wp-json\/wp\/v2\/media?parent=1016"}],"curies":[{"name":"wp","href":"https:\/\/api.w.org\/{rel}","templated":true}]}}