{"id":1515,"date":"2012-11-24T21:13:29","date_gmt":"2012-11-24T19:13:29","guid":{"rendered":"http:\/\/www.ciedacote.com\/web\/?page_id=1515"},"modified":"2026-01-15T12:49:33","modified_gmt":"2026-01-15T10:49:33","slug":"marylou-senvole","status":"publish","type":"page","link":"https:\/\/www.ciedacote.com\/web\/marylou-senvole\/","title":{"rendered":"Marylou s&#8217;envole"},"content":{"rendered":"<div class=\"fcbkbttn_buttons_block\" id=\"fcbkbttn_left\"><div class=\"fb-share-button  \" data-href=\"https:\/\/www.ciedacote.com\/web\/marylou-senvole\/\" data-type=\"button_count\" data-size=\"small\"><\/div><\/div><h4 style=\"text-align: left;\"><a href=\"http:\/\/www.ciedacote.com\/web\/wp-content\/uploads\/2019\/05\/MARYLOU-SENVOLE.jpg\"><img fetchpriority=\"high\" decoding=\"async\" class=\"alignleft wp-image-4227\" src=\"http:\/\/www.ciedacote.com\/web\/wp-content\/uploads\/2019\/05\/MARYLOU-SENVOLE-212x300.jpg\" alt=\"\" width=\"400\" height=\"566\" srcset=\"https:\/\/www.ciedacote.com\/web\/wp-content\/uploads\/2019\/05\/MARYLOU-SENVOLE-212x300.jpg 212w, https:\/\/www.ciedacote.com\/web\/wp-content\/uploads\/2019\/05\/MARYLOU-SENVOLE-768x1086.jpg 768w, https:\/\/www.ciedacote.com\/web\/wp-content\/uploads\/2019\/05\/MARYLOU-SENVOLE-724x1024.jpg 724w, https:\/\/www.ciedacote.com\/web\/wp-content\/uploads\/2019\/05\/MARYLOU-SENVOLE-600x848.jpg 600w, https:\/\/www.ciedacote.com\/web\/wp-content\/uploads\/2019\/05\/MARYLOU-SENVOLE.jpg 1654w\" sizes=\"(max-width: 400px) 100vw, 400px\" \/><\/a><\/h4>\n<p style=\"text-align: center;\">&nbsp;<\/p>\n<p>&nbsp;<\/p>\n<p style=\"text-align: center;\">&nbsp;<\/p>\n<p style=\"text-align: center;\"><span style=\"font-size: 14pt;\">Spectacle tendre et po\u00e9tique o\u00f9 les mots, les images et les personnages bercent les petits au rythme du voyage de Marylou. Paroles chant\u00e9es, rythm\u00e9es ou chuchot\u00e9es.<\/span><\/p>\n<p style=\"text-align: center;\"><span style=\"font-size: 14pt;\">Des mots rassurants et enveloppants pour explorer le monde environnant.&nbsp;<\/span><\/p>\n<p>&nbsp;<\/p>\n<p>&nbsp;<\/p>\n<p>&nbsp;<\/p>\n<p>&nbsp;<\/p>\n<p>&nbsp;<\/p>\n<p>&nbsp;<\/p>\n<p style=\"text-align: center;\"><span style=\"font-size: 14pt;\">Balade en parapluie, tout en douceur et po\u00e9sie<\/span><span style=\"font-family: 'book antiqua', palatino; font-size: small;\"><br \/>\n<\/span><\/p>\n<p style=\"text-align: center;\"><span style=\"font-size: 14pt;\">Conte, comptines, marionnettes, kamishiba\u00ef<\/span><\/p>\n<p>&nbsp;<\/p>\n<p><iframe title=\"MARYLOU S&#039;ENVOLE\" width=\"500\" height=\"281\" src=\"https:\/\/www.youtube.com\/embed\/fiPcEhT0axU?start=3&#038;feature=oembed\" frameborder=\"0\" allow=\"accelerometer; autoplay; clipboard-write; encrypted-media; gyroscope; picture-in-picture; web-share\" referrerpolicy=\"strict-origin-when-cross-origin\" allowfullscreen><\/iframe><\/p>\n<p>&nbsp;<\/p>\n<p style=\"text-align: center;\">&nbsp;<\/p>\nngg_shortcode_0_placeholder\n<p>&nbsp;<\/p>\n","protected":false},"excerpt":{"rendered":"<p>&nbsp; &nbsp; &nbsp; Spectacle tendre et po\u00e9tique o\u00f9 les mots, les images et les personnages bercent les petits au rythme du voyage de Marylou. Paroles chant\u00e9es, rythm\u00e9es ou chuchot\u00e9es. Des mots rassurants et enveloppants pour explorer le monde environnant.&nbsp; &nbsp; &nbsp; &nbsp; &nbsp; &nbsp; &nbsp; Balade en parapluie, tout en douceur et po\u00e9sie Conte, comptines, [&hellip;]<\/p>\n","protected":false},"author":2,"featured_media":0,"parent":0,"menu_order":0,"comment_status":"closed","ping_status":"closed","template":"","meta":{"ngg_post_thumbnail":0,"footnotes":""},"class_list":["post-1515","page","type-page","status-publish","hentry"],"aioseo_notices":[],"_links":{"self":[{"href":"https:\/\/www.ciedacote.com\/web\/wp-json\/wp\/v2\/pages\/1515","targetHints":{"allow":["GET"]}}],"collection":[{"href":"https:\/\/www.ciedacote.com\/web\/wp-json\/wp\/v2\/pages"}],"about":[{"href":"https:\/\/www.ciedacote.com\/web\/wp-json\/wp\/v2\/types\/page"}],"author":[{"embeddable":true,"href":"https:\/\/www.ciedacote.com\/web\/wp-json\/wp\/v2\/users\/2"}],"replies":[{"embeddable":true,"href":"https:\/\/www.ciedacote.com\/web\/wp-json\/wp\/v2\/comments?post=1515"}],"version-history":[{"count":47,"href":"https:\/\/www.ciedacote.com\/web\/wp-json\/wp\/v2\/pages\/1515\/revisions"}],"predecessor-version":[{"id":1519,"href":"https:\/\/www.ciedacote.com\/web\/wp-json\/wp\/v2\/pages\/1515\/revisions\/1519"}],"wp:attachment":[{"href":"https:\/\/www.ciedacote.com\/web\/wp-json\/wp\/v2\/media?parent=1515"}],"curies":[{"name":"wp","href":"https:\/\/api.w.org\/{rel}","templated":true}]}}