{"id":16,"date":"2011-04-07T14:51:47","date_gmt":"2011-04-07T14:51:47","guid":{"rendered":"http:\/\/aperpette.com\/web\/?page_id=16"},"modified":"2025-02-15T15:06:54","modified_gmt":"2025-02-15T13:06:54","slug":"contact","status":"publish","type":"page","link":"https:\/\/www.ciedacote.com\/web\/contact\/","title":{"rendered":"Contact"},"content":{"rendered":"<div class=\"fcbkbttn_buttons_block\" id=\"fcbkbttn_left\"><div class=\"fb-share-button  \" data-href=\"https:\/\/www.ciedacote.com\/web\/contact\/\" data-type=\"button_count\" data-size=\"small\"><\/div><\/div><p><a href=\"http:\/\/www.ciedacote.com\/web\/wp-content\/uploads\/2020\/02\/CONTACT-SITE.jpg\"><img fetchpriority=\"high\" decoding=\"async\" src=\"http:\/\/www.ciedacote.com\/web\/wp-content\/uploads\/2020\/02\/CONTACT-SITE.jpg\" alt=\"\" width=\"787\" height=\"107\"><\/a><\/p>\n<div class=\"wpforms-container wpforms-container-full\" id=\"wpforms-4138\"><form id=\"wpforms-form-4138\" class=\"wpforms-validate wpforms-form\" data-formid=\"4138\" method=\"post\" enctype=\"multipart\/form-data\" action=\"\/web\/wp-json\/wp\/v2\/pages\/16\" data-token=\"11de8cef2a901ff54be0f05d6f1bf0c1\" data-token-time=\"1777656659\"><noscript class=\"wpforms-error-noscript\">Veuillez activer JavaScript dans votre navigateur pour remplir ce formulaire.<\/noscript><div class=\"wpforms-field-container\"><div id=\"wpforms-4138-field_5-container\" class=\"wpforms-field wpforms-field-radio wpforms-list-inline\" data-field-id=\"5\"><label class=\"wpforms-field-label\">Civilit\u00e9 <span class=\"wpforms-required-label\">*<\/span><\/label><ul id=\"wpforms-4138-field_5\" class=\"wpforms-field-required\"><li class=\"choice-1 depth-1\"><input type=\"radio\" id=\"wpforms-4138-field_5_1\" name=\"wpforms[fields][5]\" value=\"Madame\" required ><label class=\"wpforms-field-label-inline\" for=\"wpforms-4138-field_5_1\">Madame<\/label><\/li><li class=\"choice-2 depth-1\"><input type=\"radio\" id=\"wpforms-4138-field_5_2\" name=\"wpforms[fields][5]\" value=\"Monsieur\" required ><label class=\"wpforms-field-label-inline\" for=\"wpforms-4138-field_5_2\">Monsieur<\/label><\/li><\/ul><\/div><div id=\"wpforms-4138-field_0-container\" class=\"wpforms-field wpforms-field-name\" data-field-id=\"0\"><label class=\"wpforms-field-label\">Nom <span class=\"wpforms-required-label\">*<\/span><\/label><div class=\"wpforms-field-row wpforms-field-medium\"><div class=\"wpforms-field-row-block wpforms-first wpforms-one-half\"><input type=\"text\" id=\"wpforms-4138-field_0\" class=\"wpforms-field-name-first wpforms-field-required\" name=\"wpforms[fields][0][first]\" required><label for=\"wpforms-4138-field_0\" class=\"wpforms-field-sublabel after\">Pr\u00e9nom<\/label><\/div><div class=\"wpforms-field-row-block wpforms-one-half\"><input type=\"text\" id=\"wpforms-4138-field_0-last\" class=\"wpforms-field-name-last wpforms-field-required\" name=\"wpforms[fields][0][last]\" required><label for=\"wpforms-4138-field_0-last\" class=\"wpforms-field-sublabel after\">Nom<\/label><\/div><\/div><\/div><div id=\"wpforms-4138-field_1-container\" class=\"wpforms-field wpforms-field-email\" data-field-id=\"1\"><label class=\"wpforms-field-label\" for=\"wpforms-4138-field_1\">Votre adresse Email <span class=\"wpforms-required-label\">*<\/span><\/label><input type=\"email\" id=\"wpforms-4138-field_1\" class=\"wpforms-field-medium wpforms-field-required\" name=\"wpforms[fields][1]\" spellcheck=\"false\" required><\/div><div id=\"wpforms-4138-field_3-container\" class=\"wpforms-field wpforms-field-text\" data-field-id=\"3\"><label class=\"wpforms-field-label\" for=\"wpforms-4138-field_3\">Votre num\u00e9ro de t\u00e9l\u00e9phone <span class=\"wpforms-required-label\">*<\/span><\/label><input type=\"text\" id=\"wpforms-4138-field_3\" class=\"wpforms-field-medium wpforms-field-required\" name=\"wpforms[fields][3]\" required><\/div><div id=\"wpforms-4138-field_6-container\" class=\"wpforms-field wpforms-field-text\" data-field-id=\"6\"><label class=\"wpforms-field-label\" for=\"wpforms-4138-field_6\">Votre adresse postale<\/label><input type=\"text\" id=\"wpforms-4138-field_6\" class=\"wpforms-field-medium\" name=\"wpforms[fields][6]\" ><\/div><div id=\"wpforms-4138-field_2-container\" class=\"wpforms-field wpforms-field-textarea\" data-field-id=\"2\"><label class=\"wpforms-field-label\" for=\"wpforms-4138-field_2\">Votre message <span class=\"wpforms-required-label\">*<\/span><\/label><textarea id=\"wpforms-4138-field_2\" class=\"wpforms-field-medium wpforms-field-required\" name=\"wpforms[fields][2]\" required><\/textarea><\/div><\/div><!-- .wpforms-field-container --><div class=\"wpforms-field wpforms-field-hp\"><label for=\"wpforms-4138-field-hp\" class=\"wpforms-field-label\">Comment<\/label><input type=\"text\" name=\"wpforms[hp]\" id=\"wpforms-4138-field-hp\" class=\"wpforms-field-medium\"><\/div><div class=\"wpforms-submit-container\" ><input type=\"hidden\" name=\"wpforms[id]\" value=\"4138\"><input type=\"hidden\" name=\"page_title\" value=\"\"><input type=\"hidden\" name=\"page_url\" value=\"https:\/\/www.ciedacote.com\/web\/wp-json\/wp\/v2\/pages\/16\">    <div class=\"cwm-recaptcha-container\">\r\n    \t<label for=\"cwm-recaptha\" class=\"recap-title\"> Enter Captcha : 1 + 8 = ?? \r\n        <input type=\"text\" name=\"cwm-recaptcha\" class=\"cwm-reaptach wpforms-field-required\" data-cwmCaptcha-val=\"9\" id=\"cwm-recaptha\" placeholder=\"Write the answer\" required><span id=\"ok-icon\"><img decoding=\"async\" src=\"https:\/\/www.ciedacote.com\/web\/wp-content\/plugins\/cwm-wpforms-captcha\/classes\/..\/img\/ok.png\" alt=\"okay icon\"><\/span><span id=\"invalid-captcha-notice\"><img decoding=\"async\" src=\"https:\/\/www.ciedacote.com\/web\/wp-content\/plugins\/cwm-wpforms-captcha\/classes\/..\/img\/no.png\" alt=\"no.png\"><\/span>\r\n    \t<\/label>\r\n\t<\/div>\r\n  <button type=\"submit\" name=\"wpforms[submit]\" id=\"wpforms-submit-4138\" class=\"wpforms-submit\" data-alt-text=\"En cours d&#039;envoi ...\" data-submit-text=\"Envoyer votre message\" aria-live=\"assertive\" value=\"wpforms-submit\">Envoyer votre message<\/button><\/div><\/form><\/div>  <!-- .wpforms-container -->\n<p><!--cforms name=\"Contact\"--><\/p>\n","protected":false},"excerpt":{"rendered":"","protected":false},"author":1,"featured_media":0,"parent":0,"menu_order":11,"comment_status":"closed","ping_status":"closed","template":"","meta":{"ngg_post_thumbnail":0,"footnotes":""},"class_list":["post-16","page","type-page","status-publish","hentry"],"aioseo_notices":[],"_links":{"self":[{"href":"https:\/\/www.ciedacote.com\/web\/wp-json\/wp\/v2\/pages\/16","targetHints":{"allow":["GET"]}}],"collection":[{"href":"https:\/\/www.ciedacote.com\/web\/wp-json\/wp\/v2\/pages"}],"about":[{"href":"https:\/\/www.ciedacote.com\/web\/wp-json\/wp\/v2\/types\/page"}],"author":[{"embeddable":true,"href":"https:\/\/www.ciedacote.com\/web\/wp-json\/wp\/v2\/users\/1"}],"replies":[{"embeddable":true,"href":"https:\/\/www.ciedacote.com\/web\/wp-json\/wp\/v2\/comments?post=16"}],"version-history":[{"count":37,"href":"https:\/\/www.ciedacote.com\/web\/wp-json\/wp\/v2\/pages\/16\/revisions"}],"predecessor-version":[{"id":5520,"href":"https:\/\/www.ciedacote.com\/web\/wp-json\/wp\/v2\/pages\/16\/revisions\/5520"}],"wp:attachment":[{"href":"https:\/\/www.ciedacote.com\/web\/wp-json\/wp\/v2\/media?parent=16"}],"curies":[{"name":"wp","href":"https:\/\/api.w.org\/{rel}","templated":true}]}}