{"id":3189,"date":"2016-10-02T10:22:45","date_gmt":"2016-10-02T08:22:45","guid":{"rendered":"http:\/\/www.ciedacote.com\/web\/?page_id=3189"},"modified":"2023-08-03T08:28:58","modified_gmt":"2023-08-03T06:28:58","slug":"memoire-de-legumes","status":"publish","type":"page","link":"https:\/\/www.ciedacote.com\/web\/memoire-de-legumes\/","title":{"rendered":"M\u00e9moire de L\u00e9gumes"},"content":{"rendered":"<div class=\"fcbkbttn_buttons_block\" id=\"fcbkbttn_left\"><div class=\"fb-share-button  \" data-href=\"https:\/\/www.ciedacote.com\/web\/memoire-de-legumes\/\" data-type=\"button_count\" data-size=\"small\"><\/div><\/div><p>&nbsp;<\/p>\n<p><a href=\"https:\/\/www.ciedacote.com\/web\/les-spectacles\/memoire-de-legumes\/plaquette-finale-2\/\" rel=\"attachment wp-att-5234\"><img fetchpriority=\"high\" decoding=\"async\" class=\"aligncenter size-large wp-image-5234\" src=\"https:\/\/www.ciedacote.com\/web\/wp-content\/uploads\/2023\/08\/PLAQUETTE-FINALE-1-673x1024.jpg\" alt=\"\" width=\"673\" height=\"1024\" srcset=\"https:\/\/www.ciedacote.com\/web\/wp-content\/uploads\/2023\/08\/PLAQUETTE-FINALE-1-673x1024.jpg 673w, https:\/\/www.ciedacote.com\/web\/wp-content\/uploads\/2023\/08\/PLAQUETTE-FINALE-1-197x300.jpg 197w, https:\/\/www.ciedacote.com\/web\/wp-content\/uploads\/2023\/08\/PLAQUETTE-FINALE-1-768x1168.jpg 768w, https:\/\/www.ciedacote.com\/web\/wp-content\/uploads\/2023\/08\/PLAQUETTE-FINALE-1-600x913.jpg 600w, https:\/\/www.ciedacote.com\/web\/wp-content\/uploads\/2023\/08\/PLAQUETTE-FINALE-1-1010x1536.jpg 1010w, https:\/\/www.ciedacote.com\/web\/wp-content\/uploads\/2023\/08\/PLAQUETTE-FINALE-1-1346x2048.jpg 1346w, https:\/\/www.ciedacote.com\/web\/wp-content\/uploads\/2023\/08\/PLAQUETTE-FINALE-1.jpg 1588w\" sizes=\"(max-width: 673px) 100vw, 673px\" \/><\/a><\/p>\n<p><span style=\"font-family: Tangerine;\"><span style=\"font-size: 300%;\"><b>Conte et pr\u00e9paration de soupe&nbsp;!<\/b><\/span><\/span><\/p>\n<p><span style=\"font-family: Tangerine;\"><span style=\"font-size: xx-large;\"><b>Prenez de belles histoires, am\u00e8res, tendres ou \u00e9pic\u00e9es&nbsp;.<\/b><\/span><\/span><\/p>\n<p><span style=\"font-family: Tangerine;\"><span style=\"font-size: xx-large;\"><b>Ajoutez de beaux l\u00e9gumes du jardin.<\/b><\/span><\/span><\/p>\n<p><span style=\"font-family: Tangerine;\"><span style=\"font-size: xx-large;\"><b>Epluchez, Coupez, Pelez&nbsp;!<\/b><\/span><\/span><\/p>\n<p><span style=\"font-family: Tangerine;\"><span style=\"font-size: xx-large;\"><b>Plongez le tout dans une grande marmite<\/b><\/span><\/span><\/p>\n<p><span style=\"font-family: Tangerine;\"><span style=\"font-size: xx-large;\"><b>Ecoutez le son des histoires, Respirez leurs parfums,<\/b><\/span><\/span><\/p>\n<p><span style=\"font-family: Tangerine;\"><span style=\"font-size: xx-large;\"><b>Et laissez mijoter le temps qu&#8217;il faudra, <\/b><\/span><\/span><\/p>\n<p><span style=\"font-family: Tangerine;\"><span style=\"font-size: xx-large;\"><b>La soupe de contes n&#8217;est pas press\u00e9e&nbsp;!<\/b><\/span><\/span><\/p>\n<p>&nbsp;<\/p>\n<p>Avec Pascale Deloche,<\/p>\n<p>A partir de 6 ans<\/p>\n<p><a href=\"https:\/\/www.ciedacote.com\/web\/les-spectacles\/memoire-de-legumes\/sans-titre-25\/\" rel=\"attachment wp-att-5235\"><img decoding=\"async\" class=\"aligncenter size-full wp-image-5235\" src=\"https:\/\/www.ciedacote.com\/web\/wp-content\/uploads\/2023\/08\/Sans-titre-25.bmp\" alt=\"\" width=\"800\" height=\"533\"><\/a><\/p>\n<p>&nbsp;<\/p>\n<p>&nbsp;<\/p>\nngg_shortcode_0_placeholder\n<p>&nbsp;<\/p>\n","protected":false},"excerpt":{"rendered":"<p>&nbsp; Conte et pr\u00e9paration de soupe&nbsp;! Prenez de belles histoires, am\u00e8res, tendres ou \u00e9pic\u00e9es&nbsp;. Ajoutez de beaux l\u00e9gumes du jardin. Epluchez, Coupez, Pelez&nbsp;! Plongez le tout dans une grande marmite Ecoutez le son des histoires, Respirez leurs parfums, Et laissez mijoter le temps qu&#8217;il faudra, La soupe de contes n&#8217;est pas press\u00e9e&nbsp;! &nbsp; Avec Pascale [&hellip;]<\/p>\n","protected":false},"author":2,"featured_media":0,"parent":0,"menu_order":0,"comment_status":"closed","ping_status":"closed","template":"","meta":{"ngg_post_thumbnail":0,"footnotes":""},"class_list":["post-3189","page","type-page","status-publish","hentry"],"aioseo_notices":[],"_links":{"self":[{"href":"https:\/\/www.ciedacote.com\/web\/wp-json\/wp\/v2\/pages\/3189","targetHints":{"allow":["GET"]}}],"collection":[{"href":"https:\/\/www.ciedacote.com\/web\/wp-json\/wp\/v2\/pages"}],"about":[{"href":"https:\/\/www.ciedacote.com\/web\/wp-json\/wp\/v2\/types\/page"}],"author":[{"embeddable":true,"href":"https:\/\/www.ciedacote.com\/web\/wp-json\/wp\/v2\/users\/2"}],"replies":[{"embeddable":true,"href":"https:\/\/www.ciedacote.com\/web\/wp-json\/wp\/v2\/comments?post=3189"}],"version-history":[{"count":15,"href":"https:\/\/www.ciedacote.com\/web\/wp-json\/wp\/v2\/pages\/3189\/revisions"}],"predecessor-version":[{"id":5236,"href":"https:\/\/www.ciedacote.com\/web\/wp-json\/wp\/v2\/pages\/3189\/revisions\/5236"}],"wp:attachment":[{"href":"https:\/\/www.ciedacote.com\/web\/wp-json\/wp\/v2\/media?parent=3189"}],"curies":[{"name":"wp","href":"https:\/\/api.w.org\/{rel}","templated":true}]}}