{"id":4453,"date":"2020-02-24T16:38:26","date_gmt":"2020-02-24T14:38:26","guid":{"rendered":"http:\/\/www.ciedacote.com\/web\/?page_id=4453"},"modified":"2020-02-25T08:49:54","modified_gmt":"2020-02-25T06:49:54","slug":"le-noel-de-chocolat","status":"publish","type":"page","link":"https:\/\/www.ciedacote.com\/web\/le-noel-de-chocolat\/","title":{"rendered":"Le No\u00ebl de Chocolat"},"content":{"rendered":"<div class=\"fcbkbttn_buttons_block\" id=\"fcbkbttn_left\"><div class=\"fb-share-button  \" data-href=\"https:\/\/www.ciedacote.com\/web\/le-noel-de-chocolat\/\" data-type=\"button_count\" data-size=\"small\"><\/div><\/div><p>&nbsp;<\/p>\n<p><strong><span style=\"font-size: 14pt;\"><em>Spectacle de Conte et Musique \u00e0 destinations des enfants de 3 \u00e0 6 ans <\/em><\/span><\/strong><\/p>\n<p><span style=\"font-size: 14pt;\">Avec Pascale Deloche et Vincent Muzotte<\/span><\/p>\n<p><span style=\"color: #800000;\"><em><span style=\"font-size: 14pt;\">&#8220;C&#8217;est la nuit de No\u00ebl. Chocolat le petit ours en peluche s&#8217;\u00e9chappe du magasin de jouets. Il va vite d\u00e9couvrir que la nuit, la for\u00eat et les chemin\u00e9es des maisons abritent parfois de dr\u00f4les d&#8217;histoires&#8230;&#8221;<\/span><\/em><\/span><\/p>\n<p><span style=\"font-size: 14pt;\">Un Kamishiba\u00ef g\u00e9ant pour ouvrir l&#8217;app\u00e9tit, de jolies histoires savamment dos\u00e9es, quelques notes de musique pour pimenter, des chansons intimistes gracieusement saupoudr\u00e9es, Le No\u00ebl de Chocolat nous plonge avec douceur et d\u00e9lice dans l&#8217;univers de No\u00ebl, de la neige et du froid.<\/span><\/p>\n<p><span style=\"font-size: 14pt;\">Au fur et \u00e0 mesure que les contes se d\u00e9roulent, la musique se d\u00e9ploie, douce ou enjou\u00e9e (piano, guitare, harmonica). Les petits d\u00e9couvrent pourquoi les arbres perdent leurs feuilles en hiver, ils rencontrent un petit sapin qui pleure sous la lune, un chien grognon et au coeur de la for\u00eat, le P\u00e8re No\u00ebl lui-m\u00eame&#8230;<\/span><\/p>\n<p><iframe title=\"LE NOEL CHOCOLAT\" width=\"500\" height=\"281\" src=\"https:\/\/www.youtube.com\/embed\/s8b85I5XzGs?start=25&#038;feature=oembed\" frameborder=\"0\" allow=\"accelerometer; autoplay; clipboard-write; encrypted-media; gyroscope; picture-in-picture; web-share\" referrerpolicy=\"strict-origin-when-cross-origin\" allowfullscreen><\/iframe><\/p>\n<p><span style=\"font-size: 14pt;\">Le No\u00ebl de Chocolat est une parenth\u00e8se suspendue o\u00f9 m\u00eame le temps prend son temps. Dans un monde o\u00f9 il faut toujours aller plus vite, o\u00f9 les petits ont de plus en plus de mal \u00e0 se poser, o\u00f9 les images et les sons les sur-stimulent souvent, nous d\u00e9fendons un spectacle au go\u00fbt d&#8217;enfance, \u00e0 l &#8216;ambiance douce et po\u00e9tique, o\u00f9 il fait bon r\u00eaver&#8230;<br \/>\n<\/span><\/p>\n<p><span style=\"font-size: 14pt;\">Retrouvez nos autres spectacles sur le th\u00e8me de No\u00ebl et de l&#8217;hiver<\/span><\/p>\n<p><span style=\"font-size: 14pt; color: #800000;\"><a style=\"color: #800000;\" href=\"http:\/\/www.ciedacote.com\/web\/les-spectacles\/les-histoires-de-la-fee-poussiere\/\">http:\/\/www.ciedacote.com\/web\/les-spectacles\/les-histoires-de-la-fee-poussiere\/<\/a><\/span><\/p>\n","protected":false},"excerpt":{"rendered":"<p>&nbsp; Spectacle de Conte et Musique \u00e0 destinations des enfants de 3 \u00e0 6 ans Avec Pascale Deloche et Vincent Muzotte &#8220;C&#8217;est la nuit de No\u00ebl. Chocolat le petit ours en peluche s&#8217;\u00e9chappe du magasin de jouets. Il va vite d\u00e9couvrir que la nuit, la for\u00eat et les chemin\u00e9es des maisons abritent parfois de dr\u00f4les [&hellip;]<\/p>\n","protected":false},"author":2,"featured_media":4441,"parent":0,"menu_order":0,"comment_status":"closed","ping_status":"closed","template":"","meta":{"ngg_post_thumbnail":0,"footnotes":""},"class_list":["post-4453","page","type-page","status-publish","has-post-thumbnail","hentry"],"aioseo_notices":[],"_links":{"self":[{"href":"https:\/\/www.ciedacote.com\/web\/wp-json\/wp\/v2\/pages\/4453","targetHints":{"allow":["GET"]}}],"collection":[{"href":"https:\/\/www.ciedacote.com\/web\/wp-json\/wp\/v2\/pages"}],"about":[{"href":"https:\/\/www.ciedacote.com\/web\/wp-json\/wp\/v2\/types\/page"}],"author":[{"embeddable":true,"href":"https:\/\/www.ciedacote.com\/web\/wp-json\/wp\/v2\/users\/2"}],"replies":[{"embeddable":true,"href":"https:\/\/www.ciedacote.com\/web\/wp-json\/wp\/v2\/comments?post=4453"}],"version-history":[{"count":2,"href":"https:\/\/www.ciedacote.com\/web\/wp-json\/wp\/v2\/pages\/4453\/revisions"}],"predecessor-version":[{"id":4484,"href":"https:\/\/www.ciedacote.com\/web\/wp-json\/wp\/v2\/pages\/4453\/revisions\/4484"}],"wp:featuredmedia":[{"embeddable":true,"href":"https:\/\/www.ciedacote.com\/web\/wp-json\/wp\/v2\/media\/4441"}],"wp:attachment":[{"href":"https:\/\/www.ciedacote.com\/web\/wp-json\/wp\/v2\/media?parent=4453"}],"curies":[{"name":"wp","href":"https:\/\/api.w.org\/{rel}","templated":true}]}}