{"id":5760,"date":"2026-01-14T16:58:46","date_gmt":"2026-01-14T14:58:46","guid":{"rendered":"https:\/\/www.ciedacote.com\/web\/?page_id=5760"},"modified":"2026-01-15T14:01:40","modified_gmt":"2026-01-15T12:01:40","slug":"accueil","status":"publish","type":"page","link":"https:\/\/www.ciedacote.com\/web\/","title":{"rendered":"Accueil"},"content":{"rendered":"<div class=\"fcbkbttn_buttons_block\" id=\"fcbkbttn_left\"><div class=\"fb-share-button  \" data-href=\"https:\/\/www.ciedacote.com\/web\/\" data-type=\"button_count\" data-size=\"small\"><\/div><\/div><p><a href=\"https:\/\/www.ciedacote.com\/web\/test-accueil\/logo-site-2026\/\" rel=\"attachment wp-att-5765\"><img fetchpriority=\"high\" decoding=\"async\" class=\"aligncenter wp-image-5765 size-full\" src=\"https:\/\/www.ciedacote.com\/web\/wp-content\/uploads\/2026\/01\/LOGO-SITE-2026.png\" alt=\"\" width=\"1000\" height=\"450\" srcset=\"https:\/\/www.ciedacote.com\/web\/wp-content\/uploads\/2026\/01\/LOGO-SITE-2026.png 1000w, https:\/\/www.ciedacote.com\/web\/wp-content\/uploads\/2026\/01\/LOGO-SITE-2026-300x135.png 300w, https:\/\/www.ciedacote.com\/web\/wp-content\/uploads\/2026\/01\/LOGO-SITE-2026-768x346.png 768w, https:\/\/www.ciedacote.com\/web\/wp-content\/uploads\/2026\/01\/LOGO-SITE-2026-600x270.png 600w\" sizes=\"(max-width: 1000px) 100vw, 1000px\" \/><\/a><\/p>\n<p>&nbsp;<\/p>\n<p>&nbsp;<\/p>\n<p style=\"text-align: center;\"><span style=\"font-size: 18pt; color: #800000;\">Du Th\u00e9\u00e2tre au Conte, en passant par le clown,<\/span><\/p>\n<p style=\"text-align: center;\"><span style=\"font-size: 18pt; color: #800000;\">La Compagnie d\u2019\u00e0 C\u00f4t\u00e9 ouvre la porte sur un monde po\u00e9tique,<\/span><span style=\"font-size: 18pt; color: #800000;\">burlesque, tendre et plein de fantaisie\u2026<\/span><\/p>\n<p style=\"text-align: center;\"><span style=\"color: #800000; font-size: 18pt;\">Bienvenue \u00e0 vous \u2026<\/span><\/p>\n<p>&nbsp;<\/p>\nngg_shortcode_0_placeholder\n<p>&nbsp;<\/p>\n<p>&nbsp;<\/p>\n<p>&nbsp;<\/p>\n<p>&nbsp;<\/p>\n<p>&nbsp;<\/p>\n<p>&nbsp;<\/p>\n<p>&nbsp;<\/p>\n<p>&nbsp;<\/p>\n<p>&nbsp;<\/p>\n<p>&nbsp;<\/p>\n","protected":false},"excerpt":{"rendered":"<p>&nbsp; &nbsp; Du Th\u00e9\u00e2tre au Conte, en passant par le clown, La Compagnie d\u2019\u00e0 C\u00f4t\u00e9 ouvre la porte sur un monde po\u00e9tique,burlesque, tendre et plein de fantaisie\u2026 Bienvenue \u00e0 vous \u2026 &nbsp; &nbsp; &nbsp; &nbsp; &nbsp; &nbsp; &nbsp; &nbsp; &nbsp; &nbsp; &nbsp;<\/p>\n","protected":false},"author":2,"featured_media":0,"parent":0,"menu_order":0,"comment_status":"closed","ping_status":"closed","template":"full-width.php","meta":{"ngg_post_thumbnail":0,"footnotes":""},"class_list":["post-5760","page","type-page","status-publish","hentry"],"aioseo_notices":[],"_links":{"self":[{"href":"https:\/\/www.ciedacote.com\/web\/wp-json\/wp\/v2\/pages\/5760","targetHints":{"allow":["GET"]}}],"collection":[{"href":"https:\/\/www.ciedacote.com\/web\/wp-json\/wp\/v2\/pages"}],"about":[{"href":"https:\/\/www.ciedacote.com\/web\/wp-json\/wp\/v2\/types\/page"}],"author":[{"embeddable":true,"href":"https:\/\/www.ciedacote.com\/web\/wp-json\/wp\/v2\/users\/2"}],"replies":[{"embeddable":true,"href":"https:\/\/www.ciedacote.com\/web\/wp-json\/wp\/v2\/comments?post=5760"}],"version-history":[{"count":25,"href":"https:\/\/www.ciedacote.com\/web\/wp-json\/wp\/v2\/pages\/5760\/revisions"}],"predecessor-version":[{"id":5928,"href":"https:\/\/www.ciedacote.com\/web\/wp-json\/wp\/v2\/pages\/5760\/revisions\/5928"}],"wp:attachment":[{"href":"https:\/\/www.ciedacote.com\/web\/wp-json\/wp\/v2\/media?parent=5760"}],"curies":[{"name":"wp","href":"https:\/\/api.w.org\/{rel}","templated":true}]}}